{"id":75,"date":"2015-03-03T18:54:31","date_gmt":"2015-03-03T18:54:31","guid":{"rendered":"http:\/\/arche-hambergen.de\/?page_id=75"},"modified":"2024-12-18T10:12:01","modified_gmt":"2024-12-18T10:12:01","slug":"essen-in-der-arche","status":"publish","type":"page","link":"https:\/\/arche-hambergen.de\/?page_id=75","title":{"rendered":"Essen in der Arche"},"content":{"rendered":"<p>W\u00e4hrend des Vormittages haben die Kinder die M\u00f6glichkeit, an unserem Fr\u00fchst\u00fccksbuffet teilzunehmen. Hierbei k\u00f6nnen sie selbst entscheiden, wann, wo, mit wem und wie lange sie fr\u00fchst\u00fccken.&nbsp; Eine p\u00e4dagogische Fachkraft begleitet das Fr\u00fchst\u00fcck mit den Kindern . Sie mischt sich unter das Geschehen und unterst\u00fctzt die Kinder, wenn es notwendig ist. Zus\u00e4tzlich k\u00fcmmert sich unsere Fr\u00fchst\u00fccksfee um das Zubereiten und Bereitstellen des Buffets und Organisiert den Ablauf.<\/p>\n<p>Im Angebot gibt es&nbsp; verschiedene Brotsorten, Br\u00f6tchen, verschiedene Auflagen, frisches Obst und Gem\u00fcse. Ausserdem gibt es M\u00fcsli Tage mit frischem Obst. Besonderes wie z.B.&nbsp; Pfannkuchen, Pizzaschnecken, Waffeln, selbst gepresste S\u00e4fte und vieles Anderes kommen auch nicht zu kurz.<\/p>\n<p>Kinder, die bis 13 Uhr die Einrichtung besuchen, k\u00f6nnen an unserem Mittagessen teilnehmen, wenn sie hierf\u00fcr fest angemeldet sind. Kinder, die bis 14 Uhr oder l\u00e4nger angemeldet sind, m\u00fcssen am Mittagstisch teilnehmen. Unser Mittagessen findet als offenes und gleitendes Angebot ab. In der Zeit von 11:30 Uhr bis ca. 13.00 Uhr haben die angemeldeten Kinder die M\u00f6glichkeit am Mittagessen teilzunehmen. Sie k\u00f6nnen frei entscheiden, ob sie schon um 11:30&nbsp; Uhr direkt Hunger haben oder lieber etwas sp\u00e4ter essen m\u00f6chten. Unsere Bundesfreiwilligendienstlerin oder unsere Auszubildenen markieren in der Kita App, um&nbsp; den \u00dc welche Kinder bereits gegessen haben und welche Kinder noch nicht. So behalten wir den \u00dcberblick. Es haben in unserem Restaurant an drei Tischen 15 Kinder Platz zum Essen. Die Kinder decken sich ihren Platz selbst\u00e4ndig ein&nbsp; und r\u00e4umen ihren Platz selbst\u00e4ndig wieder ab. Das Mittagessen l\u00e4uft nicht auf &#8222;freiwilliger Basis&#8220; f\u00fcr angemeldete Kinder, da Eltern f\u00fcr dieses Angebot eine monatliche Pauschale zahlen. Die Kinder werden angesprochen und gehen ins Restaurant.&nbsp; \u00dcber die Menge, ob das Kind probieren m\u00f6chte und die Dauer der Mahlzeit d\u00fcrfen die Kinder aber selber entscheiden. Und wenn nur der Nachtisch in Form von Obst zusagt, wird auch diese Entscheidung vom Kind akzeptiert<\/p>\n<p>Als Nachtisch wird frisches, geschnittenes Obst angeboten.<\/p>\n<p>Zwei Fachkr\u00e4fte begleiten die Kinder beim Essen und sind bei Bedarf zum Unterst\u00fctzen, nachf\u00fcllen des Essens und f\u00fcr nette Gespr\u00e4chsrunden zur Verf\u00fcgung.<\/p>\n<p>Das Essen wird uns von der Fleischerei Thamm aus Hambergen geliefert.<\/p>\n<p>Pro Kind kostet das Mittagessen 3,50\u20ac\/Tag im Kindergarten und 2,50\u20ac\/Tag in der Krippe. Das Essen wird monatlich als Pauschale abgerechnet.<\/p>\n<p>Der Beitrag f\u00fcr das Fr\u00fchst\u00fccksbuffet betr\u00e4gt im Monat 35 Euro pro Kind (Krippe und Kita).<\/p>\n<p><a href=\"https:\/\/arche-hambergen.de\/wp-content\/uploads\/2024\/12\/IMG-20241217-WA0007.jpg\"><img loading=\"lazy\" decoding=\"async\" class=\"alignnone size-medium wp-image-3809\" src=\"https:\/\/arche-hambergen.de\/wp-content\/uploads\/2024\/12\/IMG-20241217-WA0007-300x169.jpg\" alt=\"\" width=\"300\" height=\"169\" srcset=\"https:\/\/arche-hambergen.de\/wp-content\/uploads\/2024\/12\/IMG-20241217-WA0007-300x169.jpg 300w, https:\/\/arche-hambergen.de\/wp-content\/uploads\/2024\/12\/IMG-20241217-WA0007-1024x577.jpg 1024w, https:\/\/arche-hambergen.de\/wp-content\/uploads\/2024\/12\/IMG-20241217-WA0007-768x432.jpg 768w, https:\/\/arche-hambergen.de\/wp-content\/uploads\/2024\/12\/IMG-20241217-WA0007-1536x865.jpg 1536w, https:\/\/arche-hambergen.de\/wp-content\/uploads\/2024\/12\/IMG-20241217-WA0007-675x380.jpg 675w, https:\/\/arche-hambergen.de\/wp-content\/uploads\/2024\/12\/IMG-20241217-WA0007.jpg 1600w\" sizes=\"auto, (max-width: 300px) 100vw, 300px\" \/><\/a> <a href=\"https:\/\/arche-hambergen.de\/wp-content\/uploads\/2024\/12\/IMG-20241217-WA0004.jpg\"><img loading=\"lazy\" decoding=\"async\" class=\"alignnone size-medium wp-image-3810\" src=\"https:\/\/arche-hambergen.de\/wp-content\/uploads\/2024\/12\/IMG-20241217-WA0004-300x169.jpg\" alt=\"\" width=\"300\" height=\"169\" srcset=\"https:\/\/arche-hambergen.de\/wp-content\/uploads\/2024\/12\/IMG-20241217-WA0004-300x169.jpg 300w, https:\/\/arche-hambergen.de\/wp-content\/uploads\/2024\/12\/IMG-20241217-WA0004-1024x577.jpg 1024w, https:\/\/arche-hambergen.de\/wp-content\/uploads\/2024\/12\/IMG-20241217-WA0004-768x432.jpg 768w, https:\/\/arche-hambergen.de\/wp-content\/uploads\/2024\/12\/IMG-20241217-WA0004-1536x865.jpg 1536w, https:\/\/arche-hambergen.de\/wp-content\/uploads\/2024\/12\/IMG-20241217-WA0004-675x380.jpg 675w, https:\/\/arche-hambergen.de\/wp-content\/uploads\/2024\/12\/IMG-20241217-WA0004.jpg 1600w\" sizes=\"auto, (max-width: 300px) 100vw, 300px\" \/><\/a><\/p>\n","protected":false},"excerpt":{"rendered":"<p>W\u00e4hrend des Vormittages haben die Kinder die M\u00f6glichkeit, an unserem Fr\u00fchst\u00fccksbuffet teilzunehmen. Hierbei k\u00f6nnen sie selbst entscheiden, wann, wo, mit wem und wie lange sie fr\u00fchst\u00fccken.&nbsp; Eine p\u00e4dagogische Fachkraft begleitet das Fr\u00fchst\u00fcck mit den Kindern . Sie mischt sich unter das Geschehen und unterst\u00fctzt die Kinder, wenn es notwendig ist. Zus\u00e4tzlich k\u00fcmmert sich unsere Fr\u00fchst\u00fccksfee &hellip; <a href=\"https:\/\/arche-hambergen.de\/?page_id=75\" class=\"more-link\">Weiterlesen <span class=\"screen-reader-text\">Essen in der Arche<\/span><\/a><\/p>\n","protected":false},"author":1,"featured_media":0,"parent":15,"menu_order":0,"comment_status":"closed","ping_status":"closed","template":"","meta":{"ngg_post_thumbnail":0,"footnotes":""},"class_list":["post-75","page","type-page","status-publish","hentry","without-featured-image"],"_links":{"self":[{"href":"https:\/\/arche-hambergen.de\/index.php?rest_route=\/wp\/v2\/pages\/75","targetHints":{"allow":["GET"]}}],"collection":[{"href":"https:\/\/arche-hambergen.de\/index.php?rest_route=\/wp\/v2\/pages"}],"about":[{"href":"https:\/\/arche-hambergen.de\/index.php?rest_route=\/wp\/v2\/types\/page"}],"author":[{"embeddable":true,"href":"https:\/\/arche-hambergen.de\/index.php?rest_route=\/wp\/v2\/users\/1"}],"replies":[{"embeddable":true,"href":"https:\/\/arche-hambergen.de\/index.php?rest_route=%2Fwp%2Fv2%2Fcomments&post=75"}],"version-history":[{"count":8,"href":"https:\/\/arche-hambergen.de\/index.php?rest_route=\/wp\/v2\/pages\/75\/revisions"}],"predecessor-version":[{"id":3811,"href":"https:\/\/arche-hambergen.de\/index.php?rest_route=\/wp\/v2\/pages\/75\/revisions\/3811"}],"up":[{"embeddable":true,"href":"https:\/\/arche-hambergen.de\/index.php?rest_route=\/wp\/v2\/pages\/15"}],"wp:attachment":[{"href":"https:\/\/arche-hambergen.de\/index.php?rest_route=%2Fwp%2Fv2%2Fmedia&parent=75"}],"curies":[{"name":"wp","href":"https:\/\/api.w.org\/{rel}","templated":true}]}}