{"id":70,"date":"2015-03-03T18:49:27","date_gmt":"2015-03-03T18:49:27","guid":{"rendered":"http:\/\/arche-hambergen.de\/?page_id=70"},"modified":"2024-12-18T09:58:21","modified_gmt":"2024-12-18T09:58:21","slug":"religionspaedagogig","status":"publish","type":"page","link":"https:\/\/arche-hambergen.de\/?page_id=70","title":{"rendered":"Religionsp\u00e4dagogik"},"content":{"rendered":"<p><span style=\"color: #324052;\">Die Kinder in christlicher Verantwortung zu erziehen hei\u00dft f\u00fcr uns, sie so anzunehmen wie sie sind und ihnen mit Achtung, Wertsch\u00e4tzung und Offenheit zu begegnen. Die religionsp\u00e4dagogische Arbeit mit den Kindern findet sowohl als \u201cWerkstatt\u201c als auch im t\u00e4glichen Umgang miteinander statt.<\/span><\/p>\n<p>Religionsp\u00e4dagogik soll an praktischen Erfahrungen f\u00fcr Kinder erlebbar gemacht werden:<\/p>\n<ul>\n<li><strong> Vermittlung von Werten <\/strong>\n<ul>\n<li>Achtung vor der Sch\u00f6pfung<\/li>\n<li>Vertrauen, Geborgenheit, angenommen sein<\/li>\n<li>Toleranz und Gerechtigkeit<\/li>\n<li>Achtung und Anerkennung anderer Kulturen und religi\u00f6sen Bekenntnissen gegen\u00fcber<\/li>\n<\/ul>\n<\/li>\n<li><strong><strong>Christliche Feste werden kindgerecht erkl\u00e4rt und gefeiert<\/strong><\/strong><\/li>\n<li><strong><span style=\"color: #324052;\">Gemeinsame Gottesdienste <\/span><\/strong><\/li>\n<li>Familiengottesdienste\n<ul>\n<li>Schulkinderverabschiedung<\/li>\n<li>Andachten<\/li>\n<li>&#8222;Sprechstunde mit Gott&#8220;<\/li>\n<\/ul>\n<\/li>\n<\/ul>\n","protected":false},"excerpt":{"rendered":"<p>Die Kinder in christlicher Verantwortung zu erziehen hei\u00dft f\u00fcr uns, sie so anzunehmen wie sie sind und ihnen mit Achtung, Wertsch\u00e4tzung und Offenheit zu begegnen. Die religionsp\u00e4dagogische Arbeit mit den Kindern findet sowohl als \u201cWerkstatt\u201c als auch im t\u00e4glichen Umgang miteinander statt. Religionsp\u00e4dagogik soll an praktischen Erfahrungen f\u00fcr Kinder erlebbar gemacht werden: Vermittlung von Werten &hellip; <a href=\"https:\/\/arche-hambergen.de\/?page_id=70\" class=\"more-link\">Weiterlesen <span class=\"screen-reader-text\">Religionsp\u00e4dagogik<\/span><\/a><\/p>\n","protected":false},"author":1,"featured_media":0,"parent":62,"menu_order":0,"comment_status":"closed","ping_status":"closed","template":"","meta":{"ngg_post_thumbnail":0,"footnotes":""},"class_list":["post-70","page","type-page","status-publish","hentry","without-featured-image"],"_links":{"self":[{"href":"https:\/\/arche-hambergen.de\/index.php?rest_route=\/wp\/v2\/pages\/70","targetHints":{"allow":["GET"]}}],"collection":[{"href":"https:\/\/arche-hambergen.de\/index.php?rest_route=\/wp\/v2\/pages"}],"about":[{"href":"https:\/\/arche-hambergen.de\/index.php?rest_route=\/wp\/v2\/types\/page"}],"author":[{"embeddable":true,"href":"https:\/\/arche-hambergen.de\/index.php?rest_route=\/wp\/v2\/users\/1"}],"replies":[{"embeddable":true,"href":"https:\/\/arche-hambergen.de\/index.php?rest_route=%2Fwp%2Fv2%2Fcomments&post=70"}],"version-history":[{"count":3,"href":"https:\/\/arche-hambergen.de\/index.php?rest_route=\/wp\/v2\/pages\/70\/revisions"}],"predecessor-version":[{"id":1523,"href":"https:\/\/arche-hambergen.de\/index.php?rest_route=\/wp\/v2\/pages\/70\/revisions\/1523"}],"up":[{"embeddable":true,"href":"https:\/\/arche-hambergen.de\/index.php?rest_route=\/wp\/v2\/pages\/62"}],"wp:attachment":[{"href":"https:\/\/arche-hambergen.de\/index.php?rest_route=%2Fwp%2Fv2%2Fmedia&parent=70"}],"curies":[{"name":"wp","href":"https:\/\/api.w.org\/{rel}","templated":true}]}}