{"id":62,"date":"2015-03-03T18:38:57","date_gmt":"2015-03-03T18:38:57","guid":{"rendered":"http:\/\/arche-hambergen.de\/?page_id=62"},"modified":"2024-12-18T09:32:40","modified_gmt":"2024-12-18T09:32:40","slug":"paed-konzept","status":"publish","type":"page","link":"https:\/\/arche-hambergen.de\/?page_id=62","title":{"rendered":"P\u00e4dagogisches Konzept"},"content":{"rendered":"<p><span style=\"color: #324052;\">Getragen vom christlichen Menschenbild treten wir f\u00fcr eine gemeinsame Betreuung, Erziehung und Bildung von behinderten und nicht behinderten Kindern ein. Jedes der Kinder wird in seiner Einzigartigkeit gesehen und in den F\u00e4higkeiten gest\u00e4rkt, die es f\u00fcr das Leben und die Zukunft braucht. <\/span><\/p>\n<p><span style=\"color: #324052;\">F\u00fcr uns gilt: Jedes Kind ist einmalig und ein Geschenk Gottes!<\/span><\/p>\n<p><span style=\"color: #324052;\"> Die Kinder stehen als eigenst\u00e4ndige Pers\u00f6nlichkeiten mit ihren Familien im Mittelpunkt unserer Arbeit. Die zentrale Aufgabe unserer Einrichtung ist es, gemeinsam zu leben, voneinander zu lernen und miteinander zu wachsen.<\/span><\/p>\n","protected":false},"excerpt":{"rendered":"<p>Getragen vom christlichen Menschenbild treten wir f\u00fcr eine gemeinsame Betreuung, Erziehung und Bildung von behinderten und nicht behinderten Kindern ein. Jedes der Kinder wird in seiner Einzigartigkeit gesehen und in den F\u00e4higkeiten gest\u00e4rkt, die es f\u00fcr das Leben und die Zukunft braucht. F\u00fcr uns gilt: Jedes Kind ist einmalig und ein Geschenk Gottes! Die Kinder &hellip; <a href=\"https:\/\/arche-hambergen.de\/?page_id=62\" class=\"more-link\">Weiterlesen <span class=\"screen-reader-text\">P\u00e4dagogisches Konzept<\/span><\/a><\/p>\n","protected":false},"author":1,"featured_media":0,"parent":0,"menu_order":0,"comment_status":"closed","ping_status":"closed","template":"","meta":{"ngg_post_thumbnail":0,"footnotes":""},"class_list":["post-62","page","type-page","status-publish","hentry","without-featured-image"],"_links":{"self":[{"href":"https:\/\/arche-hambergen.de\/index.php?rest_route=\/wp\/v2\/pages\/62","targetHints":{"allow":["GET"]}}],"collection":[{"href":"https:\/\/arche-hambergen.de\/index.php?rest_route=\/wp\/v2\/pages"}],"about":[{"href":"https:\/\/arche-hambergen.de\/index.php?rest_route=\/wp\/v2\/types\/page"}],"author":[{"embeddable":true,"href":"https:\/\/arche-hambergen.de\/index.php?rest_route=\/wp\/v2\/users\/1"}],"replies":[{"embeddable":true,"href":"https:\/\/arche-hambergen.de\/index.php?rest_route=%2Fwp%2Fv2%2Fcomments&post=62"}],"version-history":[{"count":3,"href":"https:\/\/arche-hambergen.de\/index.php?rest_route=\/wp\/v2\/pages\/62\/revisions"}],"predecessor-version":[{"id":3800,"href":"https:\/\/arche-hambergen.de\/index.php?rest_route=\/wp\/v2\/pages\/62\/revisions\/3800"}],"wp:attachment":[{"href":"https:\/\/arche-hambergen.de\/index.php?rest_route=%2Fwp%2Fv2%2Fmedia&parent=62"}],"curies":[{"name":"wp","href":"https:\/\/api.w.org\/{rel}","templated":true}]}}