{"id":44,"date":"2015-03-01T15:24:31","date_gmt":"2015-03-01T15:24:31","guid":{"rendered":"http:\/\/arche-hambergen.de\/?page_id=44"},"modified":"2020-01-13T15:15:13","modified_gmt":"2020-01-13T15:15:13","slug":"kooperationen","status":"publish","type":"page","link":"https:\/\/arche-hambergen.de\/?page_id=44","title":{"rendered":"Kooperationen"},"content":{"rendered":"<h2 class=\"Stil13\" align=\"left\">&nbsp;<\/h2>\n<p align=\"left\">Wir bem\u00fchen uns, gute Au\u00dfenkontakte zu pflegen und uns in die Gemeinde einzubringen. Eine gute Zusammenarbeit mit anderen Institutionen \/Einrichtungen erm\u00f6glicht wichtige F\u00f6rder- und Erfahrungsm\u00f6glichkeiten. Die Zusammenarbeit unterst\u00fctzt unsere p\u00e4dagogische Arbeit und schafft Transparenz, Verst\u00e4ndnis sowie Vertrauen nach innen und au\u00dfen. Au\u00dferdem wird das Interesse der \u00d6ffentlichkeit an unserer Einrichtung geweckt und gest\u00e4rkt und erm\u00f6glicht somit einen Austausch und Kompetenzgewinn.<\/p>\n<p align=\"left\">Kooperationen bestehen mit<\/p>\n<ul>\n<li>\n<div align=\"left\">anderen Kinderg\u00e4rten und Kindertagesst\u00e4tten<\/div>\n<\/li>\n<li>\n<div align=\"left\">kommunalen Einrichtungen und Tr\u00e4gern<\/div>\n<\/li>\n<li>\n<div align=\"left\">Therapeuten<\/div>\n<\/li>\n<li>\n<div align=\"left\">dem Landkreis Osterholz (z.B. Jugendamt)<\/div>\n<\/li>\n<li>\n<div align=\"left\">der Erziehungsberatungsstelle<\/div>\n<\/li>\n<li>\n<div align=\"left\">dem Gesundheitsamt<\/div>\n<\/li>\n<li>\n<div align=\"left\">dem Kinderzentrum Bremen<\/div>\n<\/li>\n<li>\n<div align=\"left\">Kinder\u00e4rzten\/Fach\u00e4rzten<\/div>\n<\/li>\n<li>\n<div align=\"left\">Fachschulen f\u00fcr Sozialp\u00e4dagogik<\/div>\n<\/li>\n<li>\n<div align=\"left\">\u00f6rtlichen Vereinen, Presse und ortsans\u00e4ssigen Firmen<\/div>\n<\/li>\n<li>\n<div align=\"left\">der Verkehrswacht<\/div>\n<\/li>\n<\/ul>\n<div align=\"left\"><span style=\"color: #324052;\">Au\u00dferdem besteht eine lebendige und enge Kooperation mit der \u00f6rtlichen Grundschule, die aus dem Kooperationsvertrag im Rahmen des \u201cLandesprojekt Br\u00fcckenjahr\u201c hervorgegangen ist. Gemeinsam mit einem weiteren Kindergarten der Samtgemeinde Hambergen werden hier Aktionen und Projekte geplant und durchgef\u00fchrt, die einen flie\u00dfenden \u00dcbergang von Kindergarten zur Grundschule gestalten sollen.<\/span><\/div>\n","protected":false},"excerpt":{"rendered":"<p>&nbsp; Wir bem\u00fchen uns, gute Au\u00dfenkontakte zu pflegen und uns in die Gemeinde einzubringen. Eine gute Zusammenarbeit mit anderen Institutionen \/Einrichtungen erm\u00f6glicht wichtige F\u00f6rder- und Erfahrungsm\u00f6glichkeiten. Die Zusammenarbeit unterst\u00fctzt unsere p\u00e4dagogische Arbeit und schafft Transparenz, Verst\u00e4ndnis sowie Vertrauen nach innen und au\u00dfen. Au\u00dferdem wird das Interesse der \u00d6ffentlichkeit an unserer Einrichtung geweckt und gest\u00e4rkt und &hellip; <a href=\"https:\/\/arche-hambergen.de\/?page_id=44\" class=\"more-link\">Weiterlesen <span class=\"screen-reader-text\">Kooperationen<\/span><\/a><\/p>\n","protected":false},"author":1,"featured_media":0,"parent":0,"menu_order":4,"comment_status":"closed","ping_status":"closed","template":"","meta":{"ngg_post_thumbnail":0,"footnotes":""},"class_list":["post-44","page","type-page","status-publish","hentry","without-featured-image"],"_links":{"self":[{"href":"https:\/\/arche-hambergen.de\/index.php?rest_route=\/wp\/v2\/pages\/44","targetHints":{"allow":["GET"]}}],"collection":[{"href":"https:\/\/arche-hambergen.de\/index.php?rest_route=\/wp\/v2\/pages"}],"about":[{"href":"https:\/\/arche-hambergen.de\/index.php?rest_route=\/wp\/v2\/types\/page"}],"author":[{"embeddable":true,"href":"https:\/\/arche-hambergen.de\/index.php?rest_route=\/wp\/v2\/users\/1"}],"replies":[{"embeddable":true,"href":"https:\/\/arche-hambergen.de\/index.php?rest_route=%2Fwp%2Fv2%2Fcomments&post=44"}],"version-history":[{"count":4,"href":"https:\/\/arche-hambergen.de\/index.php?rest_route=\/wp\/v2\/pages\/44\/revisions"}],"predecessor-version":[{"id":1531,"href":"https:\/\/arche-hambergen.de\/index.php?rest_route=\/wp\/v2\/pages\/44\/revisions\/1531"}],"wp:attachment":[{"href":"https:\/\/arche-hambergen.de\/index.php?rest_route=%2Fwp%2Fv2%2Fmedia&parent=44"}],"curies":[{"name":"wp","href":"https:\/\/api.w.org\/{rel}","templated":true}]}}