{"id":2,"date":"2015-02-25T19:31:12","date_gmt":"2015-02-25T19:31:12","guid":{"rendered":"http:\/\/arche-hambergen.de\/?page_id=2"},"modified":"2025-01-15T13:36:33","modified_gmt":"2025-01-15T13:36:33","slug":"sample-page","status":"publish","type":"page","link":"https:\/\/arche-hambergen.de\/?page_id=2","title":{"rendered":"Team"},"content":{"rendered":"\r\n<figure class=\"wp-block-gallery columns-1 is-cropped wp-block-gallery-1\">\r\n<p>Unser Team ist in den letzten Jahren stetig gewachsen.&nbsp; Dar\u00fcber freuen wir uns sehr!&nbsp; &nbsp; &nbsp; &nbsp; &nbsp; &nbsp; &nbsp; &nbsp; &nbsp; &nbsp; &nbsp;Zu uns geh\u00f6ren:<\/p>\r\n<p>&nbsp;<\/p>\r\n<\/figure>\r\n<ul class=\"Stil55 is-layout-flex wp-block-gallery-is-layout-flex\">\r\n<li style=\"list-style-type: none;\">\r\n<ul class=\"Stil55\">\r\n<li class=\"Stil13\">eine Kindergartenleitung mit Zusatzausbildung zur Fachwirtin f\u00fcr Kindertagesst\u00e4tten<\/li>\r\n<\/ul>\r\n<\/li>\r\n<\/ul>\r\n<p>&nbsp;<\/p>\r\n<ul>\r\n<li style=\"list-style-type: none;\">\r\n<ul class=\"Stil55\">\r\n<li class=\"Stil13\">insgesamt 18 p\u00e4dagogische Fachkr\u00e4fte als Erzieherinnen (m\/w) und Sozialassitentinnen&nbsp; (m\/w)&nbsp;<\/li>\r\n<\/ul>\r\n<\/li>\r\n<\/ul>\r\n<p>eine P\u00e4dagogische Fachkraft hat zus\u00e4tzlich die Funktion der Stellvertretenden Leitung inne<\/p>\r\n<p>&nbsp;8 P\u00e4dagogische Fachkr\u00e4fte haben eine Zusatzausbildung zur heilp\u00e4dagogischen Fachkraft abgeschlossen.<\/p>\r\n<ul class=\"Stil55\">\r\n<li style=\"list-style-type: none;\">&nbsp;<\/li>\r\n<\/ul>\r\n<p>3 P\u00e4dagogische Fachkr\u00e4fte haben die Zusatzausbildung zur Fachkraft &#8222;Kleinstkindp\u00e4dagogik&#8220; absolviert<\/p>\r\n<p>eine Pdagogische Fachkraft arbeitet als Funktionsfachkraft &#8222;Sprache&#8220;<\/p>\r\n<p>&nbsp;<\/p>\r\n<ul class=\"Stil55\">\r\n<li style=\"list-style-type: none;\">\r\n<ul class=\"Stil55\">\r\n<li class=\"Stil13\">Praktikanten und Auszubildende aus allen Bereichen (Ausbildung zur Sozialassistentin\/Erzieherin; Berufsfindungspraktika; Schulpraktika)&nbsp;&nbsp;<\/li>\r\n<\/ul>\r\n<\/li>\r\n<\/ul>\r\n<p>&nbsp;<\/p>\r\n<ul class=\"Stil55\">\r\n<li style=\"list-style-type: none;\">\r\n<ul class=\"Stil55\">\r\n<li class=\"Stil13\">2 Reinigungskr\u00e4fte<\/li>\r\n<\/ul>\r\n<\/li>\r\n<\/ul>\r\n<p>&nbsp;<\/p>\r\n<ul class=\"Stil55\">\r\n<li style=\"list-style-type: none;\">\r\n<ul class=\"Stil55\">\r\n<li class=\"Stil13\">zwei Hauswirtschaftskr\u00e4fte<\/li>\r\n<\/ul>\r\n<\/li>\r\n<\/ul>\r\n<p>&nbsp;<\/p>\r\n<ul class=\"Stil55\">\r\n<li class=\"Stil13\">eine Fr\u00fchst\u00fccksbegleiterin<\/li>\r\n<\/ul>\r\n<p>&nbsp;<\/p>\r\n<p><span class=\"Stil55\"><span style=\"color: #324052;\">Unsere Arbeitszeiten umfassen neben der Pr\u00e4senz f\u00fcr die Kinder und der Gestaltung des p\u00e4dagogischen Alltags auch Zeiten f\u00fcr Planung, Auswertung, Dokumentation und Weiterentwicklung der p\u00e4dagogischen Arbeit und Reflexion des p\u00e4dagogischen Handelns, Verwaltungsaufgaben und Abstimmungen innerhalb des Teams, die Zusammenarbeit mit den Eltern, mit der Grundschule und anderen Kooperationspartnern, Leitungsaufgaben wie Personal- und betriebswirtschaftliche F\u00fchrung.<\/span><\/span><\/p>\r\n<p>&nbsp;<\/p>\r\n\r\n<h2 class=\"wp-block-heading\">&nbsp;<\/h2>\r\n\r\n\r\n\r\n<p>&nbsp;<\/p>\r\n\r\n\r\n\r\n\r\n","protected":false},"excerpt":{"rendered":"","protected":false},"author":1,"featured_media":0,"parent":88,"menu_order":0,"comment_status":"closed","ping_status":"closed","template":"","meta":{"ngg_post_thumbnail":0,"footnotes":""},"class_list":["post-2","page","type-page","status-publish","hentry","without-featured-image"],"_links":{"self":[{"href":"https:\/\/arche-hambergen.de\/index.php?rest_route=\/wp\/v2\/pages\/2","targetHints":{"allow":["GET"]}}],"collection":[{"href":"https:\/\/arche-hambergen.de\/index.php?rest_route=\/wp\/v2\/pages"}],"about":[{"href":"https:\/\/arche-hambergen.de\/index.php?rest_route=\/wp\/v2\/types\/page"}],"author":[{"embeddable":true,"href":"https:\/\/arche-hambergen.de\/index.php?rest_route=\/wp\/v2\/users\/1"}],"replies":[{"embeddable":true,"href":"https:\/\/arche-hambergen.de\/index.php?rest_route=%2Fwp%2Fv2%2Fcomments&post=2"}],"version-history":[{"count":13,"href":"https:\/\/arche-hambergen.de\/index.php?rest_route=\/wp\/v2\/pages\/2\/revisions"}],"predecessor-version":[{"id":3880,"href":"https:\/\/arche-hambergen.de\/index.php?rest_route=\/wp\/v2\/pages\/2\/revisions\/3880"}],"up":[{"embeddable":true,"href":"https:\/\/arche-hambergen.de\/index.php?rest_route=\/wp\/v2\/pages\/88"}],"wp:attachment":[{"href":"https:\/\/arche-hambergen.de\/index.php?rest_route=%2Fwp%2Fv2%2Fmedia&parent=2"}],"curies":[{"name":"wp","href":"https:\/\/api.w.org\/{rel}","templated":true}]}}