{"id":19,"date":"2015-03-01T13:57:58","date_gmt":"2015-03-01T13:57:58","guid":{"rendered":"http:\/\/arche-hambergen.de\/?page_id=19"},"modified":"2024-12-18T10:32:46","modified_gmt":"2024-12-18T10:32:46","slug":"raeume","status":"publish","type":"page","link":"https:\/\/arche-hambergen.de\/?page_id=19","title":{"rendered":"R\u00e4umlichkeiten und Au\u00dfenbereich"},"content":{"rendered":"<div id='gallery-1' class='gallery galleryid-19 gallery-columns-3 gallery-size-thumbnail'><dl class='gallery-item'>\n\t\t\t<dt class='gallery-icon landscape'>\n\t\t\t\t<a href='https:\/\/arche-hambergen.de\/?attachment_id=1793#main'><img loading=\"lazy\" decoding=\"async\" width=\"150\" height=\"150\" src=\"https:\/\/arche-hambergen.de\/wp-content\/uploads\/2020\/04\/20200409_114754-1-150x150.jpg\" class=\"attachment-thumbnail size-thumbnail\" alt=\"\" aria-describedby=\"gallery-1-1793\" srcset=\"https:\/\/arche-hambergen.de\/wp-content\/uploads\/2020\/04\/20200409_114754-1-150x150.jpg 150w, https:\/\/arche-hambergen.de\/wp-content\/uploads\/2020\/04\/20200409_114754-1-90x90.jpg 90w\" sizes=\"auto, (max-width: 150px) 100vw, 150px\" \/><\/a>\n\t\t\t<\/dt>\n\t\t\t\t<dd class='wp-caption-text gallery-caption' id='gallery-1-1793'>\n\t\t\t\tFlur im oberen Haus\n\t\t\t\t<\/dd><\/dl><dl class='gallery-item'>\n\t\t\t<dt class='gallery-icon landscape'>\n\t\t\t\t<a href='https:\/\/arche-hambergen.de\/?attachment_id=1792#main'><img loading=\"lazy\" decoding=\"async\" width=\"150\" height=\"150\" src=\"https:\/\/arche-hambergen.de\/wp-content\/uploads\/2020\/04\/20200409_114713-1-150x150.jpg\" class=\"attachment-thumbnail size-thumbnail\" alt=\"\" aria-describedby=\"gallery-1-1792\" srcset=\"https:\/\/arche-hambergen.de\/wp-content\/uploads\/2020\/04\/20200409_114713-1-150x150.jpg 150w, https:\/\/arche-hambergen.de\/wp-content\/uploads\/2020\/04\/20200409_114713-1-90x90.jpg 90w\" sizes=\"auto, (max-width: 150px) 100vw, 150px\" \/><\/a>\n\t\t\t<\/dt>\n\t\t\t\t<dd class='wp-caption-text gallery-caption' id='gallery-1-1792'>\n\t\t\t\tSpieleecke im Flur\n\t\t\t\t<\/dd><\/dl><dl class='gallery-item'>\n\t\t\t<dt class='gallery-icon portrait'>\n\t\t\t\t<a href='https:\/\/arche-hambergen.de\/?attachment_id=1785#main'><img loading=\"lazy\" decoding=\"async\" width=\"150\" height=\"150\" src=\"https:\/\/arche-hambergen.de\/wp-content\/uploads\/2020\/04\/20200409_114838-1-150x150.jpg\" class=\"attachment-thumbnail size-thumbnail\" alt=\"\" aria-describedby=\"gallery-1-1785\" srcset=\"https:\/\/arche-hambergen.de\/wp-content\/uploads\/2020\/04\/20200409_114838-1-150x150.jpg 150w, https:\/\/arche-hambergen.de\/wp-content\/uploads\/2020\/04\/20200409_114838-1-90x90.jpg 90w\" sizes=\"auto, (max-width: 150px) 100vw, 150px\" \/><\/a>\n\t\t\t<\/dt>\n\t\t\t\t<dd class='wp-caption-text gallery-caption' id='gallery-1-1785'>\n\t\t\t\tSnoezelraum\n\t\t\t\t<\/dd><\/dl><br style=\"clear: both\" \/><dl class='gallery-item'>\n\t\t\t<dt class='gallery-icon landscape'>\n\t\t\t\t<a href='https:\/\/arche-hambergen.de\/?attachment_id=1788#main'><img loading=\"lazy\" decoding=\"async\" width=\"150\" height=\"150\" src=\"https:\/\/arche-hambergen.de\/wp-content\/uploads\/2020\/04\/20200409_114250-1-150x150.jpg\" class=\"attachment-thumbnail size-thumbnail\" alt=\"\" aria-describedby=\"gallery-1-1788\" srcset=\"https:\/\/arche-hambergen.de\/wp-content\/uploads\/2020\/04\/20200409_114250-1-150x150.jpg 150w, https:\/\/arche-hambergen.de\/wp-content\/uploads\/2020\/04\/20200409_114250-1-90x90.jpg 90w\" sizes=\"auto, (max-width: 150px) 100vw, 150px\" \/><\/a>\n\t\t\t<\/dt>\n\t\t\t\t<dd class='wp-caption-text gallery-caption' id='gallery-1-1788'>\n\t\t\t\tRollenspielraum unteres Haus\n\t\t\t\t<\/dd><\/dl><dl class='gallery-item'>\n\t\t\t<dt class='gallery-icon landscape'>\n\t\t\t\t<a href='https:\/\/arche-hambergen.de\/?attachment_id=1786#main'><img loading=\"lazy\" decoding=\"async\" width=\"150\" height=\"150\" src=\"https:\/\/arche-hambergen.de\/wp-content\/uploads\/2020\/04\/20200409_114208-1-150x150.jpg\" class=\"attachment-thumbnail size-thumbnail\" alt=\"\" aria-describedby=\"gallery-1-1786\" srcset=\"https:\/\/arche-hambergen.de\/wp-content\/uploads\/2020\/04\/20200409_114208-1-150x150.jpg 150w, https:\/\/arche-hambergen.de\/wp-content\/uploads\/2020\/04\/20200409_114208-1-90x90.jpg 90w\" sizes=\"auto, (max-width: 150px) 100vw, 150px\" \/><\/a>\n\t\t\t<\/dt>\n\t\t\t\t<dd class='wp-caption-text gallery-caption' id='gallery-1-1786'>\n\t\t\t\tRollenspielraum unteres Haus\n\t\t\t\t<\/dd><\/dl><dl class='gallery-item'>\n\t\t\t<dt class='gallery-icon landscape'>\n\t\t\t\t<a href='https:\/\/arche-hambergen.de\/?attachment_id=1787#main'><img loading=\"lazy\" decoding=\"async\" width=\"150\" height=\"150\" src=\"https:\/\/arche-hambergen.de\/wp-content\/uploads\/2020\/04\/20200409_114220-1-150x150.jpg\" class=\"attachment-thumbnail size-thumbnail\" alt=\"\" aria-describedby=\"gallery-1-1787\" srcset=\"https:\/\/arche-hambergen.de\/wp-content\/uploads\/2020\/04\/20200409_114220-1-150x150.jpg 150w, https:\/\/arche-hambergen.de\/wp-content\/uploads\/2020\/04\/20200409_114220-1-90x90.jpg 90w\" sizes=\"auto, (max-width: 150px) 100vw, 150px\" \/><\/a>\n\t\t\t<\/dt>\n\t\t\t\t<dd class='wp-caption-text gallery-caption' id='gallery-1-1787'>\n\t\t\t\tRollenspielraum unteres Haus\n\t\t\t\t<\/dd><\/dl><br style=\"clear: both\" \/><dl class='gallery-item'>\n\t\t\t<dt class='gallery-icon landscape'>\n\t\t\t\t<a href='https:\/\/arche-hambergen.de\/?attachment_id=1789#main'><img loading=\"lazy\" decoding=\"async\" width=\"150\" height=\"150\" src=\"https:\/\/arche-hambergen.de\/wp-content\/uploads\/2020\/04\/20200409_114355-1-150x150.jpg\" class=\"attachment-thumbnail size-thumbnail\" alt=\"\" aria-describedby=\"gallery-1-1789\" srcset=\"https:\/\/arche-hambergen.de\/wp-content\/uploads\/2020\/04\/20200409_114355-1-150x150.jpg 150w, https:\/\/arche-hambergen.de\/wp-content\/uploads\/2020\/04\/20200409_114355-1-90x90.jpg 90w\" sizes=\"auto, (max-width: 150px) 100vw, 150px\" \/><\/a>\n\t\t\t<\/dt>\n\t\t\t\t<dd class='wp-caption-text gallery-caption' id='gallery-1-1789'>\n\t\t\t\tAtelier unteres Haus\n\t\t\t\t<\/dd><\/dl><dl class='gallery-item'>\n\t\t\t<dt class='gallery-icon landscape'>\n\t\t\t\t<a href='https:\/\/arche-hambergen.de\/?attachment_id=1790#main'><img loading=\"lazy\" decoding=\"async\" width=\"150\" height=\"150\" src=\"https:\/\/arche-hambergen.de\/wp-content\/uploads\/2020\/04\/20200409_114407-1-150x150.jpg\" class=\"attachment-thumbnail size-thumbnail\" alt=\"\" aria-describedby=\"gallery-1-1790\" srcset=\"https:\/\/arche-hambergen.de\/wp-content\/uploads\/2020\/04\/20200409_114407-1-150x150.jpg 150w, https:\/\/arche-hambergen.de\/wp-content\/uploads\/2020\/04\/20200409_114407-1-90x90.jpg 90w\" sizes=\"auto, (max-width: 150px) 100vw, 150px\" \/><\/a>\n\t\t\t<\/dt>\n\t\t\t\t<dd class='wp-caption-text gallery-caption' id='gallery-1-1790'>\n\t\t\t\tAtelier unteres Haus\n\t\t\t\t<\/dd><\/dl><dl class='gallery-item'>\n\t\t\t<dt class='gallery-icon landscape'>\n\t\t\t\t<a href='https:\/\/arche-hambergen.de\/?attachment_id=1791#main'><img loading=\"lazy\" decoding=\"async\" width=\"150\" height=\"150\" src=\"https:\/\/arche-hambergen.de\/wp-content\/uploads\/2020\/04\/20200409_114418-1-150x150.jpg\" class=\"attachment-thumbnail size-thumbnail\" alt=\"\" aria-describedby=\"gallery-1-1791\" srcset=\"https:\/\/arche-hambergen.de\/wp-content\/uploads\/2020\/04\/20200409_114418-1-150x150.jpg 150w, https:\/\/arche-hambergen.de\/wp-content\/uploads\/2020\/04\/20200409_114418-1-90x90.jpg 90w\" sizes=\"auto, (max-width: 150px) 100vw, 150px\" \/><\/a>\n\t\t\t<\/dt>\n\t\t\t\t<dd class='wp-caption-text gallery-caption' id='gallery-1-1791'>\n\t\t\t\tAtelier unteres Haus\n\t\t\t\t<\/dd><\/dl><br style=\"clear: both\" \/><dl class='gallery-item'>\n\t\t\t<dt class='gallery-icon landscape'>\n\t\t\t\t<a href='https:\/\/arche-hambergen.de\/?attachment_id=1806#main'><img loading=\"lazy\" decoding=\"async\" width=\"150\" height=\"150\" src=\"https:\/\/arche-hambergen.de\/wp-content\/uploads\/2020\/04\/20200416_110634-150x150.jpg\" class=\"attachment-thumbnail size-thumbnail\" alt=\"\" aria-describedby=\"gallery-1-1806\" srcset=\"https:\/\/arche-hambergen.de\/wp-content\/uploads\/2020\/04\/20200416_110634-150x150.jpg 150w, https:\/\/arche-hambergen.de\/wp-content\/uploads\/2020\/04\/20200416_110634-90x90.jpg 90w\" sizes=\"auto, (max-width: 150px) 100vw, 150px\" \/><\/a>\n\t\t\t<\/dt>\n\t\t\t\t<dd class='wp-caption-text gallery-caption' id='gallery-1-1806'>\n\t\t\t\tMitarbeiterraum\n\t\t\t\t<\/dd><\/dl><dl class='gallery-item'>\n\t\t\t<dt class='gallery-icon landscape'>\n\t\t\t\t<a href='https:\/\/arche-hambergen.de\/?attachment_id=1805#main'><img loading=\"lazy\" decoding=\"async\" width=\"150\" height=\"150\" src=\"https:\/\/arche-hambergen.de\/wp-content\/uploads\/2020\/04\/20200416_110623-150x150.jpg\" class=\"attachment-thumbnail size-thumbnail\" alt=\"\" aria-describedby=\"gallery-1-1805\" srcset=\"https:\/\/arche-hambergen.de\/wp-content\/uploads\/2020\/04\/20200416_110623-150x150.jpg 150w, https:\/\/arche-hambergen.de\/wp-content\/uploads\/2020\/04\/20200416_110623-90x90.jpg 90w\" sizes=\"auto, (max-width: 150px) 100vw, 150px\" \/><\/a>\n\t\t\t<\/dt>\n\t\t\t\t<dd class='wp-caption-text gallery-caption' id='gallery-1-1805'>\n\t\t\t\tMitarbeiterraum\n\t\t\t\t<\/dd><\/dl><dl class='gallery-item'>\n\t\t\t<dt class='gallery-icon landscape'>\n\t\t\t\t<a href='https:\/\/arche-hambergen.de\/?attachment_id=1804#main'><img loading=\"lazy\" decoding=\"async\" width=\"150\" height=\"150\" src=\"https:\/\/arche-hambergen.de\/wp-content\/uploads\/2020\/04\/20200416_110602-150x150.jpg\" class=\"attachment-thumbnail size-thumbnail\" alt=\"\" aria-describedby=\"gallery-1-1804\" srcset=\"https:\/\/arche-hambergen.de\/wp-content\/uploads\/2020\/04\/20200416_110602-150x150.jpg 150w, https:\/\/arche-hambergen.de\/wp-content\/uploads\/2020\/04\/20200416_110602-90x90.jpg 90w\" sizes=\"auto, (max-width: 150px) 100vw, 150px\" \/><\/a>\n\t\t\t<\/dt>\n\t\t\t\t<dd class='wp-caption-text gallery-caption' id='gallery-1-1804'>\n\t\t\t\tLogop\u00e4die\n\t\t\t\t<\/dd><\/dl><br style=\"clear: both\" \/><dl class='gallery-item'>\n\t\t\t<dt class='gallery-icon portrait'>\n\t\t\t\t<a href='https:\/\/arche-hambergen.de\/?attachment_id=1803#main'><img loading=\"lazy\" decoding=\"async\" width=\"150\" height=\"150\" src=\"https:\/\/arche-hambergen.de\/wp-content\/uploads\/2020\/04\/20200416_110001-150x150.jpg\" class=\"attachment-thumbnail size-thumbnail\" alt=\"\" aria-describedby=\"gallery-1-1803\" srcset=\"https:\/\/arche-hambergen.de\/wp-content\/uploads\/2020\/04\/20200416_110001-150x150.jpg 150w, https:\/\/arche-hambergen.de\/wp-content\/uploads\/2020\/04\/20200416_110001-90x90.jpg 90w\" sizes=\"auto, (max-width: 150px) 100vw, 150px\" \/><\/a>\n\t\t\t<\/dt>\n\t\t\t\t<dd class='wp-caption-text gallery-caption' id='gallery-1-1803'>\n\t\t\t\tAu\u00dfengel\u00e4nde\n\t\t\t\t<\/dd><\/dl><dl class='gallery-item'>\n\t\t\t<dt class='gallery-icon landscape'>\n\t\t\t\t<a href='https:\/\/arche-hambergen.de\/?attachment_id=1802#main'><img loading=\"lazy\" decoding=\"async\" width=\"150\" height=\"150\" src=\"https:\/\/arche-hambergen.de\/wp-content\/uploads\/2020\/04\/20200416_105852-150x150.jpg\" class=\"attachment-thumbnail size-thumbnail\" alt=\"\" aria-describedby=\"gallery-1-1802\" srcset=\"https:\/\/arche-hambergen.de\/wp-content\/uploads\/2020\/04\/20200416_105852-150x150.jpg 150w, https:\/\/arche-hambergen.de\/wp-content\/uploads\/2020\/04\/20200416_105852-90x90.jpg 90w\" sizes=\"auto, (max-width: 150px) 100vw, 150px\" \/><\/a>\n\t\t\t<\/dt>\n\t\t\t\t<dd class='wp-caption-text gallery-caption' id='gallery-1-1802'>\n\t\t\t\tAu\u00dfengel\u00e4nde\n\t\t\t\t<\/dd><\/dl><dl class='gallery-item'>\n\t\t\t<dt class='gallery-icon landscape'>\n\t\t\t\t<a href='https:\/\/arche-hambergen.de\/?attachment_id=1801#main'><img loading=\"lazy\" decoding=\"async\" width=\"150\" height=\"150\" src=\"https:\/\/arche-hambergen.de\/wp-content\/uploads\/2020\/04\/20200409_121827-1-150x150.jpg\" class=\"attachment-thumbnail size-thumbnail\" alt=\"\" aria-describedby=\"gallery-1-1801\" srcset=\"https:\/\/arche-hambergen.de\/wp-content\/uploads\/2020\/04\/20200409_121827-1-150x150.jpg 150w, https:\/\/arche-hambergen.de\/wp-content\/uploads\/2020\/04\/20200409_121827-1-90x90.jpg 90w\" sizes=\"auto, (max-width: 150px) 100vw, 150px\" \/><\/a>\n\t\t\t<\/dt>\n\t\t\t\t<dd class='wp-caption-text gallery-caption' id='gallery-1-1801'>\n\t\t\t\tAu\u00dfengel\u00e4nde\n\t\t\t\t<\/dd><\/dl><br style=\"clear: both\" \/><dl class='gallery-item'>\n\t\t\t<dt class='gallery-icon landscape'>\n\t\t\t\t<a href='https:\/\/arche-hambergen.de\/?attachment_id=1800#main'><img loading=\"lazy\" decoding=\"async\" width=\"150\" height=\"150\" src=\"https:\/\/arche-hambergen.de\/wp-content\/uploads\/2020\/04\/20200409_121751-1-150x150.jpg\" class=\"attachment-thumbnail size-thumbnail\" alt=\"\" aria-describedby=\"gallery-1-1800\" srcset=\"https:\/\/arche-hambergen.de\/wp-content\/uploads\/2020\/04\/20200409_121751-1-150x150.jpg 150w, https:\/\/arche-hambergen.de\/wp-content\/uploads\/2020\/04\/20200409_121751-1-90x90.jpg 90w\" sizes=\"auto, (max-width: 150px) 100vw, 150px\" \/><\/a>\n\t\t\t<\/dt>\n\t\t\t\t<dd class='wp-caption-text gallery-caption' id='gallery-1-1800'>\n\t\t\t\tAu\u00dfengel\u00e4nde\n\t\t\t\t<\/dd><\/dl><dl class='gallery-item'>\n\t\t\t<dt class='gallery-icon landscape'>\n\t\t\t\t<a href='https:\/\/arche-hambergen.de\/?attachment_id=1807#main'><img loading=\"lazy\" decoding=\"async\" width=\"150\" height=\"150\" src=\"https:\/\/arche-hambergen.de\/wp-content\/uploads\/2020\/04\/P1020227-150x150.jpg\" class=\"attachment-thumbnail size-thumbnail\" alt=\"\" aria-describedby=\"gallery-1-1807\" srcset=\"https:\/\/arche-hambergen.de\/wp-content\/uploads\/2020\/04\/P1020227-150x150.jpg 150w, https:\/\/arche-hambergen.de\/wp-content\/uploads\/2020\/04\/P1020227-90x90.jpg 90w\" sizes=\"auto, (max-width: 150px) 100vw, 150px\" \/><\/a>\n\t\t\t<\/dt>\n\t\t\t\t<dd class='wp-caption-text gallery-caption' id='gallery-1-1807'>\n\t\t\t\tAu\u00dfengel\u00e4nde\n\t\t\t\t<\/dd><\/dl><dl class='gallery-item'>\n\t\t\t<dt class='gallery-icon portrait'>\n\t\t\t\t<a href='https:\/\/arche-hambergen.de\/?attachment_id=1799#main'><img loading=\"lazy\" decoding=\"async\" width=\"150\" height=\"150\" src=\"https:\/\/arche-hambergen.de\/wp-content\/uploads\/2020\/04\/20200409_121734-1-150x150.jpg\" class=\"attachment-thumbnail size-thumbnail\" alt=\"\" aria-describedby=\"gallery-1-1799\" srcset=\"https:\/\/arche-hambergen.de\/wp-content\/uploads\/2020\/04\/20200409_121734-1-150x150.jpg 150w, https:\/\/arche-hambergen.de\/wp-content\/uploads\/2020\/04\/20200409_121734-1-90x90.jpg 90w\" sizes=\"auto, (max-width: 150px) 100vw, 150px\" \/><\/a>\n\t\t\t<\/dt>\n\t\t\t\t<dd class='wp-caption-text gallery-caption' id='gallery-1-1799'>\n\t\t\t\tAu\u00dfengel\u00e4nde\n\t\t\t\t<\/dd><\/dl><br style=\"clear: both\" \/><dl class='gallery-item'>\n\t\t\t<dt class='gallery-icon landscape'>\n\t\t\t\t<a href='https:\/\/arche-hambergen.de\/?attachment_id=1798#main'><img loading=\"lazy\" decoding=\"async\" width=\"150\" height=\"150\" src=\"https:\/\/arche-hambergen.de\/wp-content\/uploads\/2020\/04\/20200409_121717-1-150x150.jpg\" class=\"attachment-thumbnail size-thumbnail\" alt=\"\" aria-describedby=\"gallery-1-1798\" srcset=\"https:\/\/arche-hambergen.de\/wp-content\/uploads\/2020\/04\/20200409_121717-1-150x150.jpg 150w, https:\/\/arche-hambergen.de\/wp-content\/uploads\/2020\/04\/20200409_121717-1-90x90.jpg 90w\" sizes=\"auto, (max-width: 150px) 100vw, 150px\" \/><\/a>\n\t\t\t<\/dt>\n\t\t\t\t<dd class='wp-caption-text gallery-caption' id='gallery-1-1798'>\n\t\t\t\tAu\u00dfengel\u00e4nde\n\t\t\t\t<\/dd><\/dl><dl class='gallery-item'>\n\t\t\t<dt class='gallery-icon landscape'>\n\t\t\t\t<a href='https:\/\/arche-hambergen.de\/?attachment_id=1796#main'><img loading=\"lazy\" decoding=\"async\" width=\"150\" height=\"150\" src=\"https:\/\/arche-hambergen.de\/wp-content\/uploads\/2020\/04\/20200416_105934-150x150.jpg\" class=\"attachment-thumbnail size-thumbnail\" alt=\"\" aria-describedby=\"gallery-1-1796\" srcset=\"https:\/\/arche-hambergen.de\/wp-content\/uploads\/2020\/04\/20200416_105934-150x150.jpg 150w, https:\/\/arche-hambergen.de\/wp-content\/uploads\/2020\/04\/20200416_105934-90x90.jpg 90w\" sizes=\"auto, (max-width: 150px) 100vw, 150px\" \/><\/a>\n\t\t\t<\/dt>\n\t\t\t\t<dd class='wp-caption-text gallery-caption' id='gallery-1-1796'>\n\t\t\t\tAu\u00dfengel\u00e4nde\n\t\t\t\t<\/dd><\/dl><dl class='gallery-item'>\n\t\t\t<dt class='gallery-icon landscape'>\n\t\t\t\t<a href='https:\/\/arche-hambergen.de\/?attachment_id=1808#main'><img loading=\"lazy\" decoding=\"async\" width=\"150\" height=\"150\" src=\"https:\/\/arche-hambergen.de\/wp-content\/uploads\/2020\/04\/20200409_121526-150x150.jpg\" class=\"attachment-thumbnail size-thumbnail\" alt=\"\" aria-describedby=\"gallery-1-1808\" srcset=\"https:\/\/arche-hambergen.de\/wp-content\/uploads\/2020\/04\/20200409_121526-150x150.jpg 150w, https:\/\/arche-hambergen.de\/wp-content\/uploads\/2020\/04\/20200409_121526-90x90.jpg 90w\" sizes=\"auto, (max-width: 150px) 100vw, 150px\" \/><\/a>\n\t\t\t<\/dt>\n\t\t\t\t<dd class='wp-caption-text gallery-caption' id='gallery-1-1808'>\n\t\t\t\tAu\u00dfengel\u00e4nde\n\t\t\t\t<\/dd><\/dl><br style=\"clear: both\" \/><dl class='gallery-item'>\n\t\t\t<dt class='gallery-icon landscape'>\n\t\t\t\t<a href='https:\/\/arche-hambergen.de\/?attachment_id=1810#main'><img loading=\"lazy\" decoding=\"async\" width=\"150\" height=\"150\" src=\"https:\/\/arche-hambergen.de\/wp-content\/uploads\/2020\/04\/20200416_105827-150x150.jpg\" class=\"attachment-thumbnail size-thumbnail\" alt=\"\" aria-describedby=\"gallery-1-1810\" srcset=\"https:\/\/arche-hambergen.de\/wp-content\/uploads\/2020\/04\/20200416_105827-150x150.jpg 150w, https:\/\/arche-hambergen.de\/wp-content\/uploads\/2020\/04\/20200416_105827-90x90.jpg 90w\" sizes=\"auto, (max-width: 150px) 100vw, 150px\" \/><\/a>\n\t\t\t<\/dt>\n\t\t\t\t<dd class='wp-caption-text gallery-caption' id='gallery-1-1810'>\n\t\t\t\tAu\u00dfengel\u00e4nde\n\t\t\t\t<\/dd><\/dl>\n\t\t\t<br style='clear: both' \/>\n\t\t<\/div>\n\n<p align=\"left\">&nbsp;<\/p>\n<p align=\"left\">Stand: 20. 04. 2020<\/p>\n<p align=\"left\">&nbsp;<\/p>\n<p class=\"Stil23\" style=\"text-align: left;\" align=\"left\"><span class=\"Stil25\"><span style=\"color: #324052;\">Die R\u00e4umlichke<\/span><\/span><span class=\"Stil25\"><span style=\"color: #324052;\">iten unserer Arche sind Lernr\u00e4ume f\u00fcr alle Kinder, sie stehen den Kindern jederzeit offen zur Verf\u00fcgung.&nbsp; Im gesamten Tagesablauf bieten wir den Kindern mit dem offenen Konzept und den verschiedenen Lernr\u00e4umen, ein freies und selbstbestimmtes Lernen.<\/span><\/span><\/p>\n<p class=\"Stil23\" style=\"text-align: left;\" align=\"left\"><span class=\"Stil25\"><span style=\"color: #324052;\">&nbsp; Unser Kindergarten besteht aus zwei H\u00e4usern, die durch einen \u00fcberdachten Gang miteinander verbunden sind. <\/span><\/span><\/p>\n<p class=\"Stil26\" style=\"text-align: center;\" align=\"left\"><span style=\"text-decoration: underline;\">Unteres Haus<\/span><\/p>\n<ul class=\"Stil26\" style=\"text-align: center;\">\n<li>\n<div align=\"left\"><strong>&nbsp;Atelier<\/strong> \u2013 hier wird mit verschiedenen Materialien und M\u00f6glichkeiten gemalt, geklebt, getuscht, gebastelt, und geknetet. Viele Materialien stehen den Kindern zur Verf\u00fcgung, damit sie ihren Ideen und ihrer Kreativit\u00e4t freien Lauf lassen k\u00f6nnen.<\/div>\n<\/li>\n<\/ul>\n<div align=\"left\">\n<p class=\"Stil26\"><strong>Rollenspielraum<\/strong> \u2013 der Raum ist eingerichtet mit einer Kinderk\u00fcche,&nbsp; Puppenspielzeugen, Sitzecke, Verkleidungsecke und Schminkeckecke. Die Kinder k\u00f6nnen dabei in die unterschiedlichsten Rollen schl\u00fcpfen und ihrer Phantasie freien Lauf lassen. Ausserdem besteht die M\u00f6glichkeit Gesellschaftsspiele zu spielen und zum Puzzlen. Eine kleine Leseecke l zum St\u00f6bern in B\u00fcchern ist ebenfalls vorhanden. Eine kleine Theaterb\u00fchne l\u00e4dt zum Theater spielen, singen, tanzen usw. ein.<\/p>\n<p><strong>\u2022<\/strong> <strong>das Restaurant<\/strong>: im Restaurant bieten wir das Fr\u00fchst\u00fcckbuffet und das Mittagessen an. Das Fr\u00fchst\u00fcck und das Mittagessen finden gleitend statt.<\/p>\n<ul>\n<li><strong>kleiner Bewegungsraum:<\/strong> verschiedene Materialien wie eine Sprossenwand, eine dicke Weichbodenmatte, Schaumstoffelemnte, Reifen, B\u00e4lle stehen den Kindern zur Verf\u00fcgung<\/li>\n<\/ul>\n<\/div>\n<p class=\"Stil26\" style=\"text-align: center;\" align=\"left\"><span style=\"text-decoration: underline;\">Oberes Haus <\/span><\/p>\n<div align=\"left\">\n<ul>\n<li><strong>Bauraum\/Konstruktionsraum<\/strong> &#8211; die Kinder haben hier die M\u00f6glichkeit, mit verschiedenen Baumaterialien wie zum Beispiel Lego, Holzbausteinen, Magnetbausteinen usw.&nbsp; zu spielen. Es gibt viel Platz auf mehreren Spielteppichen und auf zwei verschiedenen Ebenen. Unter der Hochebene gibt es ebenfalls die M\u00f6glichkeit zum Bauen und Spielen.<\/li>\n<li>Im <strong>B\u00fccherraum<\/strong> gibt es ein gro\u00dfes Bilderbuchangebot. Kinder haben au\u00dferdem die M\u00f6glichkeit an dem Angebot des B\u00fcchertausches teilzunehmen. Die Kinder k\u00f6nnen einmal w\u00f6chentlich ein Bilderbuch ausleihen. Mit einer kleinen Kamishibai B\u00fchne werden den Kindern Geschichten vorgelesen. Zus\u00e4tzlich nutzen die Ergotherapeutin und die Logop\u00e4din diesen Raum, um mit den Integrationskindern ihre Therapien durchzuf\u00fchren<\/li>\n<li>&nbsp;<strong>Krippengruppe<\/strong>: etwas zur\u00fcckliegend befindet sich der Raum der Krippengruppe mit angrenzendem eigenen Wasch\/Wickelraum und Schlafraum. Dieser Raum verf\u00fcgt \u00fcber ein Basispodest, das den Kindern zahlreiche M\u00f6glichkeiten bietet sich auszuprobieren. Es gibt eine Rutsche, H\u00f6hlen zum erkunden, verschiedene Ebenen und eine kleine Kletterwand. Eine Puppenk\u00fcche, Baumaterial usw. erg\u00e4nzen das Materialangebot. Dem Schlafraum sind zwei Funktionen zugedacht . Zum einen ist er Spielraum und zur Mittagszeit \u201everwandelt\u201c er sich in den Schlafraum. Der Waschraum verf\u00fcgt \u00fcber einen Wickeltisch, eine Waschrinne, eine Baby- und Kindertoilette und einer Duschwanne zum Planschen. Die Kinder aus der Krippe nutzen nach der Eingew\u00f6hnungszeit auch das Raumangebot des Kindergartens und machen somit schon ihre ersten Erfahrungen mit dem offenen Konzept des Kindergartens.<\/li>\n<li>&nbsp;Bewegungsraum: hier spielen, toben und Bewegen sich die Kinder ganz nach ihren individuellen M\u00f6glichkeiten und Bed\u00fcrfnissen. Eine Kletterwand, eine Sprossenwand, eine Rollrutsche und viele andere gro\u00dfe und kleine Materialien f\u00f6rdern die Motorik der Kinder. Zusammen mit Freunden traut man sich manchmal schneller, von der obersten Sprosse zu springen!<\/li>\n<\/ul>\n<\/div>\n<p class=\"Stil26\" style=\"text-align: center;\" align=\"left\"><span style=\"text-decoration: underline;\">sonstige R\u00e4umlichkeiten<\/span><\/p>\n<ul class=\"Stil11\" style=\"text-align: center;\">\n<li class=\"Stil26\">\n<div align=\"left\">zwei Waschr\u00e4ume<\/div>\n<\/li>\n<li class=\"Stil26\">\n<div align=\"left\">zwei K\u00fcchen, eine davon mit angrenzendem Fr\u00fcst\u00fccks-und Mittagsraum f\u00fcr die Krippenkinder<\/div>\n<\/li>\n<li class=\"Stil26\">\n<div align=\"left\">Mitarbeiterraum\/Besprechungsraum und ein Pausenraum f\u00fcr Mitarbeiter<\/div>\n<\/li>\n<li class=\"Stil26\">\n<div align=\"left\">Materialr\u00e4ume<\/div>\n<\/li>\n<li class=\"Stil26\">\n<div align=\"left\">B\u00fcro<\/div>\n<\/li>\n<\/ul>\n<p style=\"text-align: center;\">&nbsp;<a href=\"https:\/\/arche-hambergen.de\/wp-content\/uploads\/2015\/03\/DSC04625.jpg\">&nbsp;&nbsp;&nbsp;&nbsp;&nbsp;&nbsp;&nbsp;&nbsp;&nbsp;&nbsp;&nbsp;&nbsp;&nbsp;&nbsp;&nbsp;&nbsp;&nbsp;&nbsp;&nbsp;&nbsp;&nbsp;&nbsp;&nbsp;&nbsp;&nbsp;&nbsp;&nbsp;&nbsp;&nbsp;&nbsp;&nbsp;&nbsp;&nbsp;&nbsp;&nbsp;&nbsp;&nbsp;&nbsp;&nbsp;&nbsp;&nbsp;&nbsp;&nbsp;&nbsp;&nbsp;&nbsp;&nbsp;&nbsp;&nbsp;&nbsp;&nbsp;&nbsp;&nbsp;&nbsp;&nbsp; <\/a><\/p>\n<p style=\"text-align: center;\">&nbsp;<\/p>\n","protected":false},"excerpt":{"rendered":"<p>&nbsp; Stand: 20. 04. 2020 &nbsp; Die R\u00e4umlichkeiten unserer Arche sind Lernr\u00e4ume f\u00fcr alle Kinder, sie stehen den Kindern jederzeit offen zur Verf\u00fcgung.&nbsp; Im gesamten Tagesablauf bieten wir den Kindern mit dem offenen Konzept und den verschiedenen Lernr\u00e4umen, ein freies und selbstbestimmtes Lernen. &nbsp; Unser Kindergarten besteht aus zwei H\u00e4usern, die durch einen \u00fcberdachten Gang &hellip; <a href=\"https:\/\/arche-hambergen.de\/?page_id=19\" class=\"more-link\">Weiterlesen <span class=\"screen-reader-text\">R\u00e4umlichkeiten und Au\u00dfenbereich<\/span><\/a><\/p>\n","protected":false},"author":1,"featured_media":0,"parent":88,"menu_order":0,"comment_status":"closed","ping_status":"closed","template":"","meta":{"ngg_post_thumbnail":0,"footnotes":""},"class_list":["post-19","page","type-page","status-publish","hentry","without-featured-image"],"_links":{"self":[{"href":"https:\/\/arche-hambergen.de\/index.php?rest_route=\/wp\/v2\/pages\/19","targetHints":{"allow":["GET"]}}],"collection":[{"href":"https:\/\/arche-hambergen.de\/index.php?rest_route=\/wp\/v2\/pages"}],"about":[{"href":"https:\/\/arche-hambergen.de\/index.php?rest_route=\/wp\/v2\/types\/page"}],"author":[{"embeddable":true,"href":"https:\/\/arche-hambergen.de\/index.php?rest_route=\/wp\/v2\/users\/1"}],"replies":[{"embeddable":true,"href":"https:\/\/arche-hambergen.de\/index.php?rest_route=%2Fwp%2Fv2%2Fcomments&post=19"}],"version-history":[{"count":23,"href":"https:\/\/arche-hambergen.de\/index.php?rest_route=\/wp\/v2\/pages\/19\/revisions"}],"predecessor-version":[{"id":3814,"href":"https:\/\/arche-hambergen.de\/index.php?rest_route=\/wp\/v2\/pages\/19\/revisions\/3814"}],"up":[{"embeddable":true,"href":"https:\/\/arche-hambergen.de\/index.php?rest_route=\/wp\/v2\/pages\/88"}],"wp:attachment":[{"href":"https:\/\/arche-hambergen.de\/index.php?rest_route=%2Fwp%2Fv2%2Fmedia&parent=19"}],"curies":[{"name":"wp","href":"https:\/\/api.w.org\/{rel}","templated":true}]}}