{"id":17,"date":"2015-03-01T13:57:40","date_gmt":"2015-03-01T13:57:40","guid":{"rendered":"http:\/\/arche-hambergen.de\/?page_id=17"},"modified":"2024-12-18T10:16:46","modified_gmt":"2024-12-18T10:16:46","slug":"aktionen-projekte","status":"publish","type":"page","link":"https:\/\/arche-hambergen.de\/?page_id=17","title":{"rendered":"Projekte &#038; Aktionen"},"content":{"rendered":"<p><span class=\"Stil14\"><span style=\"color: #324052;\">Im Kindergartenjahr gibt es viele Projekte und Aktionen, die fest in unserer Jahresplanung integriert sind. <\/span><\/span><\/p>\n<ul class=\"Stil14\">\n<li>Eingew\u00f6hnungszeit f\u00fcr die neuen Kindergartenkinder&nbsp;<\/li>\n<li>Weihnachtsmarkt in Hambergen (Der Kindergarten \u00f6ffnet in Kooperation mit den Eltern und dem F\u00f6rderverein einen Verkaufsstand)<\/li>\n<li>Andachten mit Pastor Bei\u00dfner (1x im Monat)<\/li>\n<li>Singkreis&nbsp; (1x w\u00f6chentlich)<\/li>\n<li>Sprechstunde mit Gott (1x w\u00f6chentlich)<\/li>\n<li>Bewegung in der Turnhalle (1x w\u00f6chentlich)<\/li>\n<li>Waldbesuche<\/li>\n<li>Weihnachtstheater<\/li>\n<li>Weihnachtsandacht in der Kirche am letzten KiTa Tag vor den Weihnachtsferien<\/li>\n<li>Schulkinderprojekt einmal w\u00f6chentlich ab ca. November des Kita Jahres<\/li>\n<li>Schuki Morgenkreis (1x w\u00f6chentlich)<\/li>\n<li>&nbsp;Projekte im Laufe des Kiga Jahres zu verschiedenen Themen, angelehnt an die Interessen der Kinder<\/li>\n<li>Familiengottesdienst: gemeinsam mit dem Pastor veranstaltet das Kindergartenteam einen Familiengottesdienst f\u00fcr alle Familien der Arche<\/li>\n<li>Fasching (Einmal im Jahr wird\u2019s \u201cn\u00e4rrisch\u201c: Jedes Kind und jeder Erwachsene darf an Fasching in die Rolle schl\u00fcpfen, die er m\u00f6chte!)<\/li>\n<li>&nbsp; Geschichte der Kreuzigung und Auferstehung Jesu<\/li>\n<li>Ausreise an die Nordsee (Gemeinsam verbringen alle Kinder und Erzieher drei erlebnisreiche Tage an der Nordsee.)<\/li>\n<li>Besuche in der Grundschule (Alle Vorschulkinder besuchen zur Einstimmung auf ihre Schulzeit den Unterricht an der Grundschule Hambergen.)<\/li>\n<li>Schulkinderverabschiedung (Im Rahmen eines Gottesdienstes verabschieden wir uns von unseren \u201cGro\u00dfen\u201c.)<\/li>\n<\/ul>\n<p><span class=\"Stil14\"><span style=\"color: #324052;\">Einmal j\u00e4hrlich findet ein gro\u00dfes Kindergartenfest statt. Sei es im Fr\u00fchling, Sommer, Herbst oder Winter \u2013 lasst euch \u00fcberraschen.<\/span><\/span><\/p>\n","protected":false},"excerpt":{"rendered":"<p>Im Kindergartenjahr gibt es viele Projekte und Aktionen, die fest in unserer Jahresplanung integriert sind. Eingew\u00f6hnungszeit f\u00fcr die neuen Kindergartenkinder&nbsp; Weihnachtsmarkt in Hambergen (Der Kindergarten \u00f6ffnet in Kooperation mit den Eltern und dem F\u00f6rderverein einen Verkaufsstand) Andachten mit Pastor Bei\u00dfner (1x im Monat) Singkreis&nbsp; (1x w\u00f6chentlich) Sprechstunde mit Gott (1x w\u00f6chentlich) Bewegung in der Turnhalle &hellip; <a href=\"https:\/\/arche-hambergen.de\/?page_id=17\" class=\"more-link\">Weiterlesen <span class=\"screen-reader-text\">Projekte &#038; Aktionen<\/span><\/a><\/p>\n","protected":false},"author":1,"featured_media":0,"parent":15,"menu_order":0,"comment_status":"closed","ping_status":"closed","template":"","meta":{"ngg_post_thumbnail":0,"footnotes":""},"class_list":["post-17","page","type-page","status-publish","hentry","without-featured-image"],"_links":{"self":[{"href":"https:\/\/arche-hambergen.de\/index.php?rest_route=\/wp\/v2\/pages\/17","targetHints":{"allow":["GET"]}}],"collection":[{"href":"https:\/\/arche-hambergen.de\/index.php?rest_route=\/wp\/v2\/pages"}],"about":[{"href":"https:\/\/arche-hambergen.de\/index.php?rest_route=\/wp\/v2\/types\/page"}],"author":[{"embeddable":true,"href":"https:\/\/arche-hambergen.de\/index.php?rest_route=\/wp\/v2\/users\/1"}],"replies":[{"embeddable":true,"href":"https:\/\/arche-hambergen.de\/index.php?rest_route=%2Fwp%2Fv2%2Fcomments&post=17"}],"version-history":[{"count":13,"href":"https:\/\/arche-hambergen.de\/index.php?rest_route=\/wp\/v2\/pages\/17\/revisions"}],"predecessor-version":[{"id":3812,"href":"https:\/\/arche-hambergen.de\/index.php?rest_route=\/wp\/v2\/pages\/17\/revisions\/3812"}],"up":[{"embeddable":true,"href":"https:\/\/arche-hambergen.de\/index.php?rest_route=\/wp\/v2\/pages\/15"}],"wp:attachment":[{"href":"https:\/\/arche-hambergen.de\/index.php?rest_route=%2Fwp%2Fv2%2Fmedia&parent=17"}],"curies":[{"name":"wp","href":"https:\/\/api.w.org\/{rel}","templated":true}]}}