{"id":164,"date":"2015-03-15T13:16:22","date_gmt":"2015-03-15T13:16:22","guid":{"rendered":"http:\/\/arche-hambergen.de\/?page_id=164"},"modified":"2020-01-13T15:16:23","modified_gmt":"2020-01-13T15:16:23","slug":"zusammenarbeit-mit-eltern-2","status":"publish","type":"page","link":"https:\/\/arche-hambergen.de\/?page_id=164","title":{"rendered":"Zusammenarbeit mit Eltern"},"content":{"rendered":"<h2 class=\"Stil13\" align=\"left\">&nbsp;<\/h2>\n<p class=\"Stil13\" align=\"left\"><span class=\"Stil56\"><span style=\"color: #324052;\">Im Sinne einer einheitlichen F\u00f6rderung der Kinder steht die Kooperation mit den Eltern im Mittelpunkt unserer qualit\u00e4tsorientierten Arbeit. Um den Kindern die besten Entwicklungs- und Bildungschancen zu erm\u00f6glichen, betrachten wir die Eltern als Co-Konstrukteure im Erziehungs- und Bildungsgeschehen. Sie haben das Recht auf aktive Mitwirkung an den Entwicklungsprozessen ihrer Kinder und Teilnahme an&nbsp;der Festlegung von Entwicklungszielen. Die Meinungen der Eltern genie\u00dfen Wertsch\u00e4tzung und werden geachtet. Wir informieren die Eltern regelm\u00e4\u00dfig \u00fcber unseren Kindergartenalltag. Weitere Formen und Methoden unserer Zusammenarbeit sind:<\/span><\/span><\/p>\n<ul class=\"Stil14\">\n<li class=\"Stil15\">\n<div align=\"left\">Elterngespr\u00e4che<\/div>\n<\/li>\n<li class=\"Stil15\">\n<div align=\"left\">Begleitung und Unterst\u00fctzung im Integrationsverfahren<\/div>\n<\/li>\n<li class=\"Stil15\">\n<div align=\"left\">fachliche Beratung<\/div>\n<\/li>\n<li class=\"Stil15\">\n<div align=\"left\">Hospitationen<\/div>\n<\/li>\n<li class=\"Stil15\">\n<div align=\"left\">Reklamationsb\u00f6gen<\/div>\n<\/li>\n<li class=\"Stil15\">\n<div align=\"left\">Elternmitwirkung bei Festen und Feiern und Gartentage<\/div>\n<\/li>\n<li class=\"Stil15\">\n<div align=\"left\">Eltern-\/Informationsabende<\/div>\n<\/li>\n<li class=\"Stil16\">\n<div align=\"left\">\n<div align=\"left\"><span class=\"Stil15\">Elternmitarbeit in verschiedenen Gremien (z.B. Kiga-Ausschuss, Beirat, Elternrat) <\/span><\/div>\n<\/div>\n<\/li>\n<\/ul>\n","protected":false},"excerpt":{"rendered":"<p>&nbsp; Im Sinne einer einheitlichen F\u00f6rderung der Kinder steht die Kooperation mit den Eltern im Mittelpunkt unserer qualit\u00e4tsorientierten Arbeit. Um den Kindern die besten Entwicklungs- und Bildungschancen zu erm\u00f6glichen, betrachten wir die Eltern als Co-Konstrukteure im Erziehungs- und Bildungsgeschehen. Sie haben das Recht auf aktive Mitwirkung an den Entwicklungsprozessen ihrer Kinder und Teilnahme an&nbsp;der Festlegung &hellip; <a href=\"https:\/\/arche-hambergen.de\/?page_id=164\" class=\"more-link\">Weiterlesen <span class=\"screen-reader-text\">Zusammenarbeit mit Eltern<\/span><\/a><\/p>\n","protected":false},"author":1,"featured_media":0,"parent":44,"menu_order":1,"comment_status":"closed","ping_status":"closed","template":"","meta":{"ngg_post_thumbnail":0,"footnotes":""},"class_list":["post-164","page","type-page","status-publish","hentry","without-featured-image"],"_links":{"self":[{"href":"https:\/\/arche-hambergen.de\/index.php?rest_route=\/wp\/v2\/pages\/164","targetHints":{"allow":["GET"]}}],"collection":[{"href":"https:\/\/arche-hambergen.de\/index.php?rest_route=\/wp\/v2\/pages"}],"about":[{"href":"https:\/\/arche-hambergen.de\/index.php?rest_route=\/wp\/v2\/types\/page"}],"author":[{"embeddable":true,"href":"https:\/\/arche-hambergen.de\/index.php?rest_route=\/wp\/v2\/users\/1"}],"replies":[{"embeddable":true,"href":"https:\/\/arche-hambergen.de\/index.php?rest_route=%2Fwp%2Fv2%2Fcomments&post=164"}],"version-history":[{"count":2,"href":"https:\/\/arche-hambergen.de\/index.php?rest_route=\/wp\/v2\/pages\/164\/revisions"}],"predecessor-version":[{"id":1532,"href":"https:\/\/arche-hambergen.de\/index.php?rest_route=\/wp\/v2\/pages\/164\/revisions\/1532"}],"up":[{"embeddable":true,"href":"https:\/\/arche-hambergen.de\/index.php?rest_route=\/wp\/v2\/pages\/44"}],"wp:attachment":[{"href":"https:\/\/arche-hambergen.de\/index.php?rest_route=%2Fwp%2Fv2%2Fmedia&parent=164"}],"curies":[{"name":"wp","href":"https:\/\/api.w.org\/{rel}","templated":true}]}}