{"id":15,"date":"2015-03-01T13:56:38","date_gmt":"2015-03-01T13:56:38","guid":{"rendered":"http:\/\/arche-hambergen.de\/?page_id=15"},"modified":"2024-12-18T10:05:40","modified_gmt":"2024-12-18T10:05:40","slug":"tagesablauf","status":"publish","type":"page","link":"https:\/\/arche-hambergen.de\/?page_id=15","title":{"rendered":"Tagesablauf"},"content":{"rendered":"<p>&nbsp;<\/p>\n<p>Im Kindergarten:<\/p>\n<p>Jeden Tag Fr\u00fchdienst von 7:30 &#8211; 8:00 Uhr (derzeit 25 Pl\u00e4tze zur Verf\u00fcgung)<\/p>\n<p>Montag &#8211; Freitag<\/p>\n<p>*Ankommen ab 8.00 &#8211; 8:30. Die Kinder h\u00e4ngen von sich ein Foto an der gemeinsamen Fotowand auf und zeigen damit den anderen Kindern und Fachkr\u00e4ften der Kita &#8222;Ich bin da &#8211; ich geh\u00f6re dazu&#8220; Das p\u00e4dagogische Personal begr\u00fc\u00dft die Kinder und Eltern in der Kita.&nbsp;<\/p>\n<ul>\n<li>ab 8:00 Freispiel im gesamten Haus, die M\u00f6glichkeit zum Fr\u00fchst\u00fccken, Freispiel drau\u00dfen m\u00f6glich<\/li>\n<li>8:45 Uhr &#8222;Blitzlichter&#8220; in mehreren R\u00e4umen (Begr\u00fc\u00dfungslied, kurze religionsp\u00e4dagigische Einheit, Tagesaktuelle Dinge besprechen)<\/li>\n<li>ab ca. 8:55 Uhr Freispiel in allen Lernr\u00e4umen und auf dem Au\u00dfengel\u00e4nde.&nbsp; Im Restaurant (unteres Haus) wird den Kindern an 5 Tagen ein abwechslungsreiches Fr\u00fchst\u00fccksbuffet von uns angeboten. Das Fr\u00fchst\u00fcck ist ein gleitendes Angebot.&nbsp;<\/li>\n<li>&nbsp;den Kindern werden neben dem Freispiel f\u00fcr offene oder manchmal auch in kleinen geschlossenen Gruppen Angebote in den verschiedenen Lernr\u00e4umen angeboten.&nbsp;<\/li>\n<li>ab 11:30 Uhr bis ca. 13:00 Uhr beginnt das gleitende und offene Mittagessen. (siehe Essen in der Arche).<\/li>\n<li>w\u00e4hrenddessen weiterhin Freispiel von 12 &#8211; 14:30 Uhr drau\u00dfen oder im Haus in einigen Funktionsr\u00e4umen.<\/li>\n<li>Ab 13 Uhr erste M\u00f6glichkeit zum Abholen der Kinder<\/li>\n<li>14 Uhr weitere Abholzeit&nbsp;<\/li>\n<li>Ab 14:00 au\u00dferdem Beginn der Sonder\u00f6ffnung bis 16:00 Uhr&nbsp;<\/li>\n<li>ca. 15 Uhr gleitende Obstpause<\/li>\n<li>16 Uhr Abholzeit&nbsp;<\/li>\n<\/ul>\n<p>Der Tagesablauf ist t\u00e4glich gleich. Zus\u00e4tzliche Angebote wie Andachten mit Pastor Bei\u00dfner, Yoga f\u00fcr Kinder, Bewegung in der Turnhalle, Waldbesuche, Schuki Projekt, Therapien, Sprachf\u00f6rderung, offene Angebote in den Lernr\u00e4umen usw. werden angeboten.&nbsp;<\/p>\n<p>Der Tagesablauf in der Krippe wird \u00fcberarbeitet.<\/p>\n<p>&nbsp;<\/p>\n<p>&nbsp;<\/p>\n<p>&nbsp;<\/p>\n","protected":false},"excerpt":{"rendered":"<p>&nbsp; Im Kindergarten: Jeden Tag Fr\u00fchdienst von 7:30 &#8211; 8:00 Uhr (derzeit 25 Pl\u00e4tze zur Verf\u00fcgung) Montag &#8211; Freitag *Ankommen ab 8.00 &#8211; 8:30. Die Kinder h\u00e4ngen von sich ein Foto an der gemeinsamen Fotowand auf und zeigen damit den anderen Kindern und Fachkr\u00e4ften der Kita &#8222;Ich bin da &#8211; ich geh\u00f6re dazu&#8220; Das p\u00e4dagogische &hellip; <a href=\"https:\/\/arche-hambergen.de\/?page_id=15\" class=\"more-link\">Weiterlesen <span class=\"screen-reader-text\">Tagesablauf<\/span><\/a><\/p>\n","protected":false},"author":1,"featured_media":0,"parent":62,"menu_order":9,"comment_status":"closed","ping_status":"closed","template":"","meta":{"ngg_post_thumbnail":0,"footnotes":""},"class_list":["post-15","page","type-page","status-publish","hentry","without-featured-image"],"_links":{"self":[{"href":"https:\/\/arche-hambergen.de\/index.php?rest_route=\/wp\/v2\/pages\/15","targetHints":{"allow":["GET"]}}],"collection":[{"href":"https:\/\/arche-hambergen.de\/index.php?rest_route=\/wp\/v2\/pages"}],"about":[{"href":"https:\/\/arche-hambergen.de\/index.php?rest_route=\/wp\/v2\/types\/page"}],"author":[{"embeddable":true,"href":"https:\/\/arche-hambergen.de\/index.php?rest_route=\/wp\/v2\/users\/1"}],"replies":[{"embeddable":true,"href":"https:\/\/arche-hambergen.de\/index.php?rest_route=%2Fwp%2Fv2%2Fcomments&post=15"}],"version-history":[{"count":12,"href":"https:\/\/arche-hambergen.de\/index.php?rest_route=\/wp\/v2\/pages\/15\/revisions"}],"predecessor-version":[{"id":3808,"href":"https:\/\/arche-hambergen.de\/index.php?rest_route=\/wp\/v2\/pages\/15\/revisions\/3808"}],"up":[{"embeddable":true,"href":"https:\/\/arche-hambergen.de\/index.php?rest_route=\/wp\/v2\/pages\/62"}],"wp:attachment":[{"href":"https:\/\/arche-hambergen.de\/index.php?rest_route=%2Fwp%2Fv2%2Fmedia&parent=15"}],"curies":[{"name":"wp","href":"https:\/\/api.w.org\/{rel}","templated":true}]}}